{"id":10647,"date":"2024-04-15T18:36:50","date_gmt":"2024-04-15T23:36:50","guid":{"rendered":"https:\/\/www.internacional.estra.com\/?post_type=product&#038;p=10647"},"modified":"2024-04-17T21:49:16","modified_gmt":"2024-04-18T02:49:16","slug":"contenedor-elite-121l-marcado","status":"publish","type":"product","link":"https:\/\/www.internacional.estra.com\/en\/shop-2\/sin-categorizar\/contenedor-elite-121l-marcado\/","title":{"rendered":"Contenedor Elite 121L Marcado"},"content":{"rendered":"<p>Dise\u00f1o vers\u00e1til para ambientes tanto interiores como exteriores gracias al aditivo UV. Mecanismo de vaiv\u00e9n para mantener el contenedor cerrado y evitar la propagaci\u00f3n de olores. Muy utilizdaos en la recolecci\u00f3n de residuos o para almacenamiento de materias primas en la industria. Color especial (Gris, Azul, Amarillo, Beige) bajo pedido.<\/p>\n","protected":false},"excerpt":{"rendered":"<p>Dimensiones: 68X57,5X97 cm<\/p>\n<p>Material: Pl\u00e1stico<\/p>\n<p>Usos y cuidados: Uso en interior, lavar con jab\u00f3n y esponja suave. Secar con pa\u00f1o. No utilizar qu\u00edmicos o elementos abrasivos<\/p>\n<p>&nbsp;<\/p>\n","protected":false},"featured_media":2124,"comment_status":"open","ping_status":"closed","template":"","meta":{"_seopress_robots_primary_cat":"","_seopress_titles_title":"","_seopress_titles_desc":"","_seopress_robots_index":"","site-sidebar-layout":"default","site-content-layout":"","ast-site-content-layout":"default","site-content-style":"default","site-sidebar-style":"default","ast-global-header-display":"","ast-banner-title-visibility":"","ast-main-header-display":"","ast-hfb-above-header-display":"","ast-hfb-below-header-display":"","ast-hfb-mobile-header-display":"","site-post-title":"","ast-breadcrumbs-content":"","ast-featured-img":"","footer-sml-layout":"","ast-disable-related-posts":"","theme-transparent-header-meta":"default","adv-header-id-meta":"","stick-header-meta":"default","header-above-stick-meta":"","header-main-stick-meta":"","header-below-stick-meta":"","astra-migrate-meta-layouts":"set","ast-page-background-enabled":"default","ast-page-background-meta":{"desktop":{"background-color":"var(--ast-global-color-4)","background-image":"","background-repeat":"repeat","background-position":"center center","background-size":"auto","background-attachment":"scroll","background-type":"","background-media":"","overlay-type":"","overlay-color":"","overlay-opacity":"","overlay-gradient":""},"tablet":{"background-color":"","background-image":"","background-repeat":"repeat","background-position":"center center","background-size":"auto","background-attachment":"scroll","background-type":"","background-media":"","overlay-type":"","overlay-color":"","overlay-opacity":"","overlay-gradient":""},"mobile":{"background-color":"","background-image":"","background-repeat":"repeat","background-position":"center center","background-size":"auto","background-attachment":"scroll","background-type":"","background-media":"","overlay-type":"","overlay-color":"","overlay-opacity":"","overlay-gradient":""}},"ast-content-background-meta":{"desktop":{"background-color":"var(--ast-global-color-5)","background-image":"","background-repeat":"repeat","background-position":"center center","background-size":"auto","background-attachment":"scroll","background-type":"","background-media":"","overlay-type":"","overlay-color":"","overlay-opacity":"","overlay-gradient":""},"tablet":{"background-color":"var(--ast-global-color-5)","background-image":"","background-repeat":"repeat","background-position":"center center","background-size":"auto","background-attachment":"scroll","background-type":"","background-media":"","overlay-type":"","overlay-color":"","overlay-opacity":"","overlay-gradient":""},"mobile":{"background-color":"var(--ast-global-color-5)","background-image":"","background-repeat":"repeat","background-position":"center center","background-size":"auto","background-attachment":"scroll","background-type":"","background-media":"","overlay-type":"","overlay-color":"","overlay-opacity":"","overlay-gradient":""}}},"product_brand":[],"product_cat":[40],"product_tag":[],"class_list":{"0":"post-10647","1":"product","2":"type-product","3":"status-publish","4":"has-post-thumbnail","6":"product_cat-sin-categorizar","7":"desktop-align-left","8":"tablet-align-left","9":"mobile-align-left","10":"ast-product-gallery-layout-vertical-slider","11":"ast-product-gallery-with-no-image","12":"ast-product-single-variable","13":"ast-product-tabs-layout-accordion","14":"ast-qv-on-image-click","16":"first","17":"outofstock","18":"taxable","19":"shipping-taxable","20":"product-type-variable"},"_links":{"self":[{"href":"https:\/\/www.internacional.estra.com\/en\/wp-json\/wp\/v2\/product\/10647","targetHints":{"allow":["GET"]}}],"collection":[{"href":"https:\/\/www.internacional.estra.com\/en\/wp-json\/wp\/v2\/product"}],"about":[{"href":"https:\/\/www.internacional.estra.com\/en\/wp-json\/wp\/v2\/types\/product"}],"replies":[{"embeddable":true,"href":"https:\/\/www.internacional.estra.com\/en\/wp-json\/wp\/v2\/comments?post=10647"}],"version-history":[{"count":1,"href":"https:\/\/www.internacional.estra.com\/en\/wp-json\/wp\/v2\/product\/10647\/revisions"}],"predecessor-version":[{"id":10652,"href":"https:\/\/www.internacional.estra.com\/en\/wp-json\/wp\/v2\/product\/10647\/revisions\/10652"}],"wp:featuredmedia":[{"embeddable":true,"href":"https:\/\/www.internacional.estra.com\/en\/wp-json\/wp\/v2\/media\/2124"}],"wp:attachment":[{"href":"https:\/\/www.internacional.estra.com\/en\/wp-json\/wp\/v2\/media?parent=10647"}],"wp:term":[{"taxonomy":"product_brand","embeddable":true,"href":"https:\/\/www.internacional.estra.com\/en\/wp-json\/wp\/v2\/product_brand?post=10647"},{"taxonomy":"product_cat","embeddable":true,"href":"https:\/\/www.internacional.estra.com\/en\/wp-json\/wp\/v2\/product_cat?post=10647"},{"taxonomy":"product_tag","embeddable":true,"href":"https:\/\/www.internacional.estra.com\/en\/wp-json\/wp\/v2\/product_tag?post=10647"}],"curies":[{"name":"wp","href":"https:\/\/api.w.org\/{rel}","templated":true}]}}