{"id":10578,"date":"2024-04-15T18:36:17","date_gmt":"2024-04-15T23:36:17","guid":{"rendered":"https:\/\/www.internacional.estra.com\/?post_type=product&#038;p=10578"},"modified":"2024-11-06T08:12:06","modified_gmt":"2024-11-06T13:12:06","slug":"papelera-clasica-vaiven-10l-material-recuperado","status":"publish","type":"product","link":"https:\/\/www.internacional.estra.com\/en\/shop-2\/sin-categorizar\/papelera-clasica-vaiven-10l-material-recuperado\/","title":{"rendered":"Papelera Cl\u00e1sica Vaiven 10L Material Recuperado"},"content":{"rendered":"<p>Se adaptan a difernetes espacios dentro de hogares, instituciones e industrias, est\u00e1n desarrolladas para alto tr\u00e1fico posee un sujetador que ayuda a ocultar la bolsa, resistente a la intemperie. Color especial (Gris, Azul, Amarillo) bajo pedido.<\/p>\n","protected":false},"excerpt":{"rendered":"<p>Dimensiones: 28,7X21,8X40 cm<\/p>\n<p>Material: Pl\u00e1stico<\/p>\n<p>Usos y cuidados: Uso en interior, lavar con jab\u00f3n y esponja suave. Secar con pa\u00f1o. No utilizar qu\u00edmicos o elementos abrasivos<\/p>\n<p>&nbsp;<\/p>\n","protected":false},"featured_media":8413,"comment_status":"open","ping_status":"closed","template":"","meta":{"_seopress_robots_primary_cat":"none","_seopress_titles_title":"","_seopress_titles_desc":"","_seopress_robots_index":"","site-sidebar-layout":"default","site-content-layout":"","ast-site-content-layout":"default","site-content-style":"default","site-sidebar-style":"default","ast-global-header-display":"","ast-banner-title-visibility":"","ast-main-header-display":"","ast-hfb-above-header-display":"","ast-hfb-below-header-display":"","ast-hfb-mobile-header-display":"","site-post-title":"","ast-breadcrumbs-content":"","ast-featured-img":"","footer-sml-layout":"","ast-disable-related-posts":"","theme-transparent-header-meta":"default","adv-header-id-meta":"","stick-header-meta":"default","header-above-stick-meta":"","header-main-stick-meta":"","header-below-stick-meta":"","astra-migrate-meta-layouts":"set","ast-page-background-enabled":"default","ast-page-background-meta":{"desktop":{"background-color":"var(--ast-global-color-4)","background-image":"","background-repeat":"repeat","background-position":"center center","background-size":"auto","background-attachment":"scroll","background-type":"","background-media":"","overlay-type":"","overlay-color":"","overlay-opacity":"","overlay-gradient":""},"tablet":{"background-color":"","background-image":"","background-repeat":"repeat","background-position":"center center","background-size":"auto","background-attachment":"scroll","background-type":"","background-media":"","overlay-type":"","overlay-color":"","overlay-opacity":"","overlay-gradient":""},"mobile":{"background-color":"","background-image":"","background-repeat":"repeat","background-position":"center center","background-size":"auto","background-attachment":"scroll","background-type":"","background-media":"","overlay-type":"","overlay-color":"","overlay-opacity":"","overlay-gradient":""}},"ast-content-background-meta":{"desktop":{"background-color":"var(--ast-global-color-5)","background-image":"","background-repeat":"repeat","background-position":"center center","background-size":"auto","background-attachment":"scroll","background-type":"","background-media":"","overlay-type":"","overlay-color":"","overlay-opacity":"","overlay-gradient":""},"tablet":{"background-color":"var(--ast-global-color-5)","background-image":"","background-repeat":"repeat","background-position":"center center","background-size":"auto","background-attachment":"scroll","background-type":"","background-media":"","overlay-type":"","overlay-color":"","overlay-opacity":"","overlay-gradient":""},"mobile":{"background-color":"var(--ast-global-color-5)","background-image":"","background-repeat":"repeat","background-position":"center center","background-size":"auto","background-attachment":"scroll","background-type":"","background-media":"","overlay-type":"","overlay-color":"","overlay-opacity":"","overlay-gradient":""}}},"product_brand":[],"product_cat":[40],"product_tag":[],"class_list":{"0":"post-10578","1":"product","2":"type-product","3":"status-publish","4":"has-post-thumbnail","6":"product_cat-sin-categorizar","7":"desktop-align-left","8":"tablet-align-left","9":"mobile-align-left","10":"ast-product-gallery-layout-vertical-slider","11":"ast-product-single-variable","12":"ast-product-tabs-layout-accordion","13":"ast-qv-on-image-click","15":"first","16":"outofstock","17":"taxable","18":"shipping-taxable","19":"product-type-variable"},"_links":{"self":[{"href":"https:\/\/www.internacional.estra.com\/en\/wp-json\/wp\/v2\/product\/10578","targetHints":{"allow":["GET"]}}],"collection":[{"href":"https:\/\/www.internacional.estra.com\/en\/wp-json\/wp\/v2\/product"}],"about":[{"href":"https:\/\/www.internacional.estra.com\/en\/wp-json\/wp\/v2\/types\/product"}],"replies":[{"embeddable":true,"href":"https:\/\/www.internacional.estra.com\/en\/wp-json\/wp\/v2\/comments?post=10578"}],"version-history":[{"count":2,"href":"https:\/\/www.internacional.estra.com\/en\/wp-json\/wp\/v2\/product\/10578\/revisions"}],"predecessor-version":[{"id":11708,"href":"https:\/\/www.internacional.estra.com\/en\/wp-json\/wp\/v2\/product\/10578\/revisions\/11708"}],"wp:featuredmedia":[{"embeddable":true,"href":"https:\/\/www.internacional.estra.com\/en\/wp-json\/wp\/v2\/media\/8413"}],"wp:attachment":[{"href":"https:\/\/www.internacional.estra.com\/en\/wp-json\/wp\/v2\/media?parent=10578"}],"wp:term":[{"taxonomy":"product_brand","embeddable":true,"href":"https:\/\/www.internacional.estra.com\/en\/wp-json\/wp\/v2\/product_brand?post=10578"},{"taxonomy":"product_cat","embeddable":true,"href":"https:\/\/www.internacional.estra.com\/en\/wp-json\/wp\/v2\/product_cat?post=10578"},{"taxonomy":"product_tag","embeddable":true,"href":"https:\/\/www.internacional.estra.com\/en\/wp-json\/wp\/v2\/product_tag?post=10578"}],"curies":[{"name":"wp","href":"https:\/\/api.w.org\/{rel}","templated":true}]}}